{"id":25,"date":"2023-06-13T08:58:22","date_gmt":"2023-06-13T08:58:22","guid":{"rendered":"https:\/\/skills4life.eduproject.eu\/?page_id=25"},"modified":"2023-09-06T12:13:55","modified_gmt":"2023-09-06T12:13:55","slug":"deliverable","status":"publish","type":"page","link":"https:\/\/skills4life.eduproject.eu\/index.php\/deliverable\/","title":{"rendered":"Deliverables"},"content":{"rendered":"\n<p>You will find here the deliverables of the Skills4Life project according to the different Work Packages (WPs) and with regard to Project Management (PM).<\/p>\n\n\n\n<p>The file names of the WPs contain information about the number of the work package, the number of the activity, the number of the partner and possibly the language in which the deliverable is available. In addition, a short text title provides a substantive hint as to what the file is about.<\/p>\n\n\n\n<p>The <em>partners have the following abbreviations<\/em>:<\/p>\n\n\n\n<p><strong>Project Partners:<\/strong><\/p>\n\n\n\n<p>P0- MOVEO &#8211; Verein f\u00fcr soziale Nachhaltigkeit und Inklusion von Menschen mit Behinderungen (E10084657 -AT) &#8211; Co-ordinator<br>P1- Proportional Message &#8211; Associa\u00e7\u00e3o (E10179201 &#8211; PT)<br>P2- Spectrum Research Centre CLG (E10031851 &#8211; IE)<br>P3- Universit\u00e4t Paderborn, Lehrstuhl Wirtschaftsp\u00e4dagogik II (E10208598 &#8211; DE)<br>P4- CBE Sud Luberon Val de Durance (E10115904 &#8211; FR)<br>P5- QUARTER MEDIATION (E10116493 &#8211; NL)<br>P6- Acumen Training Sp. z o.o. (E10167614 &#8211; PL)<\/p>\n\n\n\n<p><strong>Language abbreviations:<\/strong><\/p>\n\n\n\n<p>DE- German<br>EN- English<br>F- French<br>NL- Dutch<br>PT &#8211; Portugese<\/p>\n\n\n\n<p><strong>Work Packages:<\/strong><\/p>\n\n\n\n<p>WP1: Project Management<br>WP2: Skills4Life Serious Game Design, Development and Validation<br>WP3: Skills4Life Training Package for Adult Educators<br>WP4: Skills4Life Community Engagement and Outreach<\/p>\n\n\n\n<p><em>Example file name with explanation:<br>WP2-P3\u2013Guideline on WP2\u2013EN<br>The file is about Work package 2 (WP2), created by Partner P3 (University of Paderborn) on the Skills4Life project with a General information about the Project in English language.<\/em><\/p>\n","protected":false},"excerpt":{"rendered":"<p>You will find here the deliverables of the Skills4Life project according to the different Work Packages (WPs) and with regard to Project Management (PM). The file names of the WPs contain information about the number of the work package, the number of the activity, the number of the partner and possibly the language in which &hellip; <\/p>\n<p class=\"link-more\"><a href=\"https:\/\/skills4life.eduproject.eu\/index.php\/deliverable\/\" class=\"more-link\"><span class=\"screen-reader-text\">\u201eDeliverables\u201c<\/span> weiterlesen<\/a><\/p>\n","protected":false},"author":1,"featured_media":0,"parent":0,"menu_order":0,"comment_status":"closed","ping_status":"closed","template":"","meta":{"footnotes":""},"class_list":["post-25","page","type-page","status-publish","hentry"],"_links":{"self":[{"href":"https:\/\/skills4life.eduproject.eu\/index.php\/wp-json\/wp\/v2\/pages\/25","targetHints":{"allow":["GET"]}}],"collection":[{"href":"https:\/\/skills4life.eduproject.eu\/index.php\/wp-json\/wp\/v2\/pages"}],"about":[{"href":"https:\/\/skills4life.eduproject.eu\/index.php\/wp-json\/wp\/v2\/types\/page"}],"author":[{"embeddable":true,"href":"https:\/\/skills4life.eduproject.eu\/index.php\/wp-json\/wp\/v2\/users\/1"}],"replies":[{"embeddable":true,"href":"https:\/\/skills4life.eduproject.eu\/index.php\/wp-json\/wp\/v2\/comments?post=25"}],"version-history":[{"count":12,"href":"https:\/\/skills4life.eduproject.eu\/index.php\/wp-json\/wp\/v2\/pages\/25\/revisions"}],"predecessor-version":[{"id":328,"href":"https:\/\/skills4life.eduproject.eu\/index.php\/wp-json\/wp\/v2\/pages\/25\/revisions\/328"}],"wp:attachment":[{"href":"https:\/\/skills4life.eduproject.eu\/index.php\/wp-json\/wp\/v2\/media?parent=25"}],"curies":[{"name":"wp","href":"https:\/\/api.w.org\/{rel}","templated":true}]}}